{"id":9,"date":"2019-02-25T19:03:02","date_gmt":"2019-02-25T19:03:02","guid":{"rendered":"http:\/\/www.andelskamartina.cz\/?page_id=9"},"modified":"2021-01-15T20:37:07","modified_gmt":"2021-01-15T20:37:07","slug":"kontakt","status":"publish","type":"page","link":"https:\/\/www.andelskamartina.cz\/index.php\/kontakt\/","title":{"rendered":"Kontakt"},"content":{"rendered":"\n<p> info@andelskamartina.cz<\/p>\n\n\n\n<p>Naj\u00edt m\u011b m\u016f\u017eete tak\u00e9 zde:<br><a rel=\"noreferrer noopener\" aria-label=\" (otev\u0159e se na nov\u00e9 z\u00e1lo\u017ece)\" href=\"https:\/\/www.instagram.com\/andelskamartina\/\" target=\"_blank\">https:\/\/www.instagram.com\/andelskamartina\/<\/a> <\/p>\n\n\n\n<p><\/p>\n","protected":false},"excerpt":{"rendered":"<p>info@andelskamartina.cz Naj\u00edt m\u011b m\u016f\u017eete tak\u00e9 zde:https:\/\/www.instagram.com\/andelskamartina\/<\/p>\n","protected":false},"author":1,"featured_media":0,"parent":0,"menu_order":0,"comment_status":"closed","ping_status":"closed","template":"","meta":{"_exactmetrics_skip_tracking":false,"_exactmetrics_sitenote_active":false,"_exactmetrics_sitenote_note":"","_exactmetrics_sitenote_category":0,"footnotes":""},"class_list":["post-9","page","type-page","status-publish","hentry"],"_links":{"self":[{"href":"https:\/\/www.andelskamartina.cz\/index.php\/wp-json\/wp\/v2\/pages\/9","targetHints":{"allow":["GET"]}}],"collection":[{"href":"https:\/\/www.andelskamartina.cz\/index.php\/wp-json\/wp\/v2\/pages"}],"about":[{"href":"https:\/\/www.andelskamartina.cz\/index.php\/wp-json\/wp\/v2\/types\/page"}],"author":[{"embeddable":true,"href":"https:\/\/www.andelskamartina.cz\/index.php\/wp-json\/wp\/v2\/users\/1"}],"replies":[{"embeddable":true,"href":"https:\/\/www.andelskamartina.cz\/index.php\/wp-json\/wp\/v2\/comments?post=9"}],"version-history":[{"count":9,"href":"https:\/\/www.andelskamartina.cz\/index.php\/wp-json\/wp\/v2\/pages\/9\/revisions"}],"predecessor-version":[{"id":329,"href":"https:\/\/www.andelskamartina.cz\/index.php\/wp-json\/wp\/v2\/pages\/9\/revisions\/329"}],"wp:attachment":[{"href":"https:\/\/www.andelskamartina.cz\/index.php\/wp-json\/wp\/v2\/media?parent=9"}],"curies":[{"name":"wp","href":"https:\/\/api.w.org\/{rel}","templated":true}]}}