{"id":2,"date":"2019-02-27T14:23:10","date_gmt":"2019-02-27T14:23:10","guid":{"rendered":"http:\/\/localhost\/wp\/wp481\/?page_id=2"},"modified":"2025-10-06T13:30:56","modified_gmt":"2025-10-06T13:30:56","slug":"sample-page","status":"publish","type":"page","link":"https:\/\/www.andelskamartina.cz\/index.php\/sample-page\/","title":{"rendered":"Akvarel"},"content":{"rendered":"\n<figure class=\"wp-block-gallery has-nested-images columns-default is-cropped wp-block-gallery-1 is-layout-flex wp-block-gallery-is-layout-flex\">\n<figure class=\"wp-block-image size-large\"><img loading=\"lazy\" decoding=\"async\" width=\"700\" height=\"703\" data-id=\"617\" src=\"https:\/\/www.andelskamartina.cz\/wp-content\/uploads\/2025\/10\/Bon_Voyage-700x703.jpeg\" alt=\"\" class=\"wp-image-617\" srcset=\"https:\/\/www.andelskamartina.cz\/wp-content\/uploads\/2025\/10\/Bon_Voyage-700x703.jpeg 700w, https:\/\/www.andelskamartina.cz\/wp-content\/uploads\/2025\/10\/Bon_Voyage-300x300.jpeg 300w, https:\/\/www.andelskamartina.cz\/wp-content\/uploads\/2025\/10\/Bon_Voyage-150x150.jpeg 150w, https:\/\/www.andelskamartina.cz\/wp-content\/uploads\/2025\/10\/Bon_Voyage-768x772.jpeg 768w, https:\/\/www.andelskamartina.cz\/wp-content\/uploads\/2025\/10\/Bon_Voyage-1529x1536.jpeg 1529w, https:\/\/www.andelskamartina.cz\/wp-content\/uploads\/2025\/10\/Bon_Voyage-2038x2048.jpeg 2038w, https:\/\/www.andelskamartina.cz\/wp-content\/uploads\/2025\/10\/Bon_Voyage-100x100.jpeg 100w\" sizes=\"auto, (max-width: 700px) 100vw, 700px\" \/><figcaption class=\"wp-element-caption\">Bon Voyage<\/figcaption><\/figure>\n<\/figure>\n\n\n\n<figure class=\"wp-block-gallery has-nested-images columns-default is-cropped wp-block-gallery-2 is-layout-flex wp-block-gallery-is-layout-flex\"><\/figure>\n\n\n\n<figure class=\"wp-block-gallery has-nested-images columns-default is-cropped wp-block-gallery-3 is-layout-flex wp-block-gallery-is-layout-flex\">\n<figure class=\"wp-block-image size-large\"><img loading=\"lazy\" decoding=\"async\" width=\"700\" height=\"704\" data-id=\"337\" src=\"https:\/\/www.andelskamartina.cz\/wp-content\/uploads\/2021\/01\/Flower-power-700x704.jpg\" alt=\"\" class=\"wp-image-337\" srcset=\"https:\/\/www.andelskamartina.cz\/wp-content\/uploads\/2021\/01\/Flower-power-700x704.jpg 700w, https:\/\/www.andelskamartina.cz\/wp-content\/uploads\/2021\/01\/Flower-power-298x300.jpg 298w, https:\/\/www.andelskamartina.cz\/wp-content\/uploads\/2021\/01\/Flower-power-150x150.jpg 150w, https:\/\/www.andelskamartina.cz\/wp-content\/uploads\/2021\/01\/Flower-power-768x773.jpg 768w, https:\/\/www.andelskamartina.cz\/wp-content\/uploads\/2021\/01\/Flower-power-1526x1536.jpg 1526w, https:\/\/www.andelskamartina.cz\/wp-content\/uploads\/2021\/01\/Flower-power-2035x2048.jpg 2035w, https:\/\/www.andelskamartina.cz\/wp-content\/uploads\/2021\/01\/Flower-power-100x100.jpg 100w\" sizes=\"auto, (max-width: 700px) 100vw, 700px\" \/><figcaption class=\"wp-element-caption\">Flower Power<\/figcaption><\/figure>\n\n\n\n<figure class=\"wp-block-image size-large\"><img loading=\"lazy\" decoding=\"async\" width=\"700\" height=\"715\" data-id=\"336\" src=\"https:\/\/www.andelskamartina.cz\/wp-content\/uploads\/2021\/01\/Terapie-700x715.jpg\" alt=\"\" class=\"wp-image-336\" srcset=\"https:\/\/www.andelskamartina.cz\/wp-content\/uploads\/2021\/01\/Terapie-700x715.jpg 700w, https:\/\/www.andelskamartina.cz\/wp-content\/uploads\/2021\/01\/Terapie-294x300.jpg 294w, https:\/\/www.andelskamartina.cz\/wp-content\/uploads\/2021\/01\/Terapie-768x785.jpg 768w, https:\/\/www.andelskamartina.cz\/wp-content\/uploads\/2021\/01\/Terapie-1503x1536.jpg 1503w, https:\/\/www.andelskamartina.cz\/wp-content\/uploads\/2021\/01\/Terapie-2005x2048.jpg 2005w\" sizes=\"auto, (max-width: 700px) 100vw, 700px\" \/><figcaption class=\"wp-element-caption\">Terapie<\/figcaption><\/figure>\n<\/figure>\n\n\n\n<figure class=\"wp-block-gallery has-nested-images columns-default is-cropped wp-block-gallery-4 is-layout-flex wp-block-gallery-is-layout-flex\">\n<figure class=\"wp-block-image size-large\"><img loading=\"lazy\" decoding=\"async\" width=\"700\" height=\"701\" data-id=\"331\" src=\"https:\/\/www.andelskamartina.cz\/wp-content\/uploads\/2021\/01\/Budicek-700x701.jpg\" alt=\"\" class=\"wp-image-331\" srcset=\"https:\/\/www.andelskamartina.cz\/wp-content\/uploads\/2021\/01\/Budicek-700x701.jpg 700w, https:\/\/www.andelskamartina.cz\/wp-content\/uploads\/2021\/01\/Budicek-300x300.jpg 300w, https:\/\/www.andelskamartina.cz\/wp-content\/uploads\/2021\/01\/Budicek-150x150.jpg 150w, https:\/\/www.andelskamartina.cz\/wp-content\/uploads\/2021\/01\/Budicek-768x769.jpg 768w, https:\/\/www.andelskamartina.cz\/wp-content\/uploads\/2021\/01\/Budicek-1534x1536.jpg 1534w, https:\/\/www.andelskamartina.cz\/wp-content\/uploads\/2021\/01\/Budicek-2045x2048.jpg 2045w, https:\/\/www.andelskamartina.cz\/wp-content\/uploads\/2021\/01\/Budicek-100x100.jpg 100w\" sizes=\"auto, (max-width: 700px) 100vw, 700px\" \/><figcaption class=\"wp-element-caption\">Bud\u00ed\u010dek, kter\u00fd nechce\u0161<\/figcaption><\/figure>\n\n\n\n<figure class=\"wp-block-image size-large\"><img loading=\"lazy\" decoding=\"async\" width=\"700\" height=\"697\" data-id=\"332\" src=\"https:\/\/www.andelskamartina.cz\/wp-content\/uploads\/2021\/01\/Na_sklonku-700x697.jpg\" alt=\"\" class=\"wp-image-332\" srcset=\"https:\/\/www.andelskamartina.cz\/wp-content\/uploads\/2021\/01\/Na_sklonku-700x697.jpg 700w, https:\/\/www.andelskamartina.cz\/wp-content\/uploads\/2021\/01\/Na_sklonku-300x300.jpg 300w, https:\/\/www.andelskamartina.cz\/wp-content\/uploads\/2021\/01\/Na_sklonku-150x150.jpg 150w, https:\/\/www.andelskamartina.cz\/wp-content\/uploads\/2021\/01\/Na_sklonku-768x764.jpg 768w, https:\/\/www.andelskamartina.cz\/wp-content\/uploads\/2021\/01\/Na_sklonku-1536x1529.jpg 1536w, https:\/\/www.andelskamartina.cz\/wp-content\/uploads\/2021\/01\/Na_sklonku-2048x2038.jpg 2048w, https:\/\/www.andelskamartina.cz\/wp-content\/uploads\/2021\/01\/Na_sklonku-100x100.jpg 100w\" sizes=\"auto, (max-width: 700px) 100vw, 700px\" \/><figcaption class=\"wp-element-caption\">Vlada\u0159 po sez\u00f3n\u011b<\/figcaption><\/figure>\n<\/figure>\n\n\n\n<figure class=\"wp-block-gallery has-nested-images columns-default is-cropped wp-block-gallery-5 is-layout-flex wp-block-gallery-is-layout-flex\">\n<figure class=\"wp-block-image size-large\"><img loading=\"lazy\" decoding=\"async\" width=\"700\" height=\"708\" data-id=\"334\" src=\"https:\/\/www.andelskamartina.cz\/wp-content\/uploads\/2021\/01\/P\u00e1rty-700x708.jpg\" alt=\"\" class=\"wp-image-334\" srcset=\"https:\/\/www.andelskamartina.cz\/wp-content\/uploads\/2021\/01\/P\u00e1rty-700x708.jpg 700w, https:\/\/www.andelskamartina.cz\/wp-content\/uploads\/2021\/01\/P\u00e1rty-297x300.jpg 297w, https:\/\/www.andelskamartina.cz\/wp-content\/uploads\/2021\/01\/P\u00e1rty-768x777.jpg 768w, https:\/\/www.andelskamartina.cz\/wp-content\/uploads\/2021\/01\/P\u00e1rty-1518x1536.jpg 1518w, https:\/\/www.andelskamartina.cz\/wp-content\/uploads\/2021\/01\/P\u00e1rty-2025x2048.jpg 2025w, https:\/\/www.andelskamartina.cz\/wp-content\/uploads\/2021\/01\/P\u00e1rty-100x100.jpg 100w\" sizes=\"auto, (max-width: 700px) 100vw, 700px\" \/><figcaption class=\"wp-element-caption\">P\u00e1rty<\/figcaption><\/figure>\n<\/figure>\n\n\n\n<figure class=\"wp-block-gallery has-nested-images columns-default is-cropped wp-block-gallery-6 is-layout-flex wp-block-gallery-is-layout-flex\"><\/figure>\n\n\n\n<p><\/p>\n\n\n\n<figure class=\"wp-block-gallery has-nested-images columns-default is-cropped wp-block-gallery-7 is-layout-flex wp-block-gallery-is-layout-flex\"><\/figure>\n\n\n<p>M\u011bsto &#8211; v\u0161ehoschopn\u00fd \u017eivouc\u00ed organismus v mo\u0159i inspirace. V tichosti a s respektem proplouv\u00e1m jeho chapadly a obdivuji jeho kr\u00e1su.\u00a0<\/p>\n\n\n<figure class=\"wp-block-gallery has-nested-images columns-default is-cropped wp-block-gallery-8 is-layout-flex wp-block-gallery-is-layout-flex\">\n<figure class=\"wp-block-image size-large\"><img loading=\"lazy\" decoding=\"async\" width=\"700\" height=\"966\" data-id=\"243\" src=\"https:\/\/www.andelskamartina.cz\/wp-content\/uploads\/2019\/11\/Dlouhe_stiny_mestske-700x966.jpg\" alt=\"\" class=\"wp-image-243\" srcset=\"https:\/\/www.andelskamartina.cz\/wp-content\/uploads\/2019\/11\/Dlouhe_stiny_mestske-700x966.jpg 700w, https:\/\/www.andelskamartina.cz\/wp-content\/uploads\/2019\/11\/Dlouhe_stiny_mestske-217x300.jpg 217w, https:\/\/www.andelskamartina.cz\/wp-content\/uploads\/2019\/11\/Dlouhe_stiny_mestske-768x1060.jpg 768w\" sizes=\"auto, (max-width: 700px) 100vw, 700px\" \/><figcaption class=\"wp-element-caption\">Dlouh\u00e9 st\u00edny m\u011bsta<\/figcaption><\/figure>\n\n\n\n<figure class=\"wp-block-image size-large\"><img loading=\"lazy\" decoding=\"async\" width=\"700\" height=\"956\" data-id=\"245\" src=\"https:\/\/www.andelskamartina.cz\/wp-content\/uploads\/2019\/11\/Patecni-700x956.jpg\" alt=\"\" class=\"wp-image-245\" srcset=\"https:\/\/www.andelskamartina.cz\/wp-content\/uploads\/2019\/11\/Patecni-700x956.jpg 700w, https:\/\/www.andelskamartina.cz\/wp-content\/uploads\/2019\/11\/Patecni-220x300.jpg 220w, https:\/\/www.andelskamartina.cz\/wp-content\/uploads\/2019\/11\/Patecni-768x1049.jpg 768w\" sizes=\"auto, (max-width: 700px) 100vw, 700px\" \/><figcaption class=\"wp-element-caption\">P\u00e1te\u010dn\u00ed<\/figcaption><\/figure>\n<\/figure>\n\n\n\n<figure class=\"wp-block-gallery has-nested-images columns-0 is-cropped wp-block-gallery-9 is-layout-flex wp-block-gallery-is-layout-flex\">\n<figure class=\"wp-block-image size-large\"><a href=\"https:\/\/www.andelskamartina.cz\/wp-content\/uploads\/2020\/05\/IMG_2022-scaled.jpg\"><img loading=\"lazy\" decoding=\"async\" width=\"700\" height=\"445\" data-id=\"274\" src=\"https:\/\/www.andelskamartina.cz\/wp-content\/uploads\/2020\/05\/IMG_2022-700x445.jpg\" alt=\"\" class=\"wp-image-274\" srcset=\"https:\/\/www.andelskamartina.cz\/wp-content\/uploads\/2020\/05\/IMG_2022-700x445.jpg 700w, https:\/\/www.andelskamartina.cz\/wp-content\/uploads\/2020\/05\/IMG_2022-300x191.jpg 300w, https:\/\/www.andelskamartina.cz\/wp-content\/uploads\/2020\/05\/IMG_2022-768x488.jpg 768w, https:\/\/www.andelskamartina.cz\/wp-content\/uploads\/2020\/05\/IMG_2022-1536x976.jpg 1536w, https:\/\/www.andelskamartina.cz\/wp-content\/uploads\/2020\/05\/IMG_2022-2048x1301.jpg 2048w\" sizes=\"auto, (max-width: 700px) 100vw, 700px\" \/><\/a><figcaption class=\"wp-element-caption\">Vz\u00e1cn\u00fd okam\u017eik<\/figcaption><\/figure>\n<\/figure>\n\n\n\n<figure class=\"wp-block-gallery aligncenter has-nested-images columns-default is-cropped wp-block-gallery-10 is-layout-flex wp-block-gallery-is-layout-flex\">\n<figure class=\"wp-block-image size-large\"><img loading=\"lazy\" decoding=\"async\" width=\"1024\" height=\"744\" data-id=\"31\" src=\"https:\/\/www.andelskamartina.cz\/wp-content\/uploads\/2019\/02\/Drby-1024x744.jpg\" alt=\"\" class=\"wp-image-31\" srcset=\"https:\/\/www.andelskamartina.cz\/wp-content\/uploads\/2019\/02\/Drby-1024x744.jpg 1024w, https:\/\/www.andelskamartina.cz\/wp-content\/uploads\/2019\/02\/Drby-300x218.jpg 300w, https:\/\/www.andelskamartina.cz\/wp-content\/uploads\/2019\/02\/Drby-768x558.jpg 768w\" sizes=\"auto, (max-width: 767px) 89vw, (max-width: 1000px) 54vw, (max-width: 1071px) 543px, 580px\" \/><figcaption class=\"wp-element-caption\">Drby<\/figcaption><\/figure>\n<\/figure>\n\n\n\n<p><\/p>\n","protected":false},"excerpt":{"rendered":"<p>M\u011bsto &#8211; v\u0161ehoschopn\u00fd \u017eivouc\u00ed organismus v mo\u0159i inspirace. V tichosti a s respektem proplouv\u00e1m jeho chapadly a obdivuji jeho kr\u00e1su.\u00a0<\/p>\n","protected":false},"author":1,"featured_media":0,"parent":0,"menu_order":1,"comment_status":"closed","ping_status":"open","template":"","meta":{"_exactmetrics_skip_tracking":false,"_exactmetrics_sitenote_active":false,"_exactmetrics_sitenote_note":"","_exactmetrics_sitenote_category":0,"footnotes":""},"class_list":["post-2","page","type-page","status-publish","hentry"],"_links":{"self":[{"href":"https:\/\/www.andelskamartina.cz\/index.php\/wp-json\/wp\/v2\/pages\/2","targetHints":{"allow":["GET"]}}],"collection":[{"href":"https:\/\/www.andelskamartina.cz\/index.php\/wp-json\/wp\/v2\/pages"}],"about":[{"href":"https:\/\/www.andelskamartina.cz\/index.php\/wp-json\/wp\/v2\/types\/page"}],"author":[{"embeddable":true,"href":"https:\/\/www.andelskamartina.cz\/index.php\/wp-json\/wp\/v2\/users\/1"}],"replies":[{"embeddable":true,"href":"https:\/\/www.andelskamartina.cz\/index.php\/wp-json\/wp\/v2\/comments?post=2"}],"version-history":[{"count":28,"href":"https:\/\/www.andelskamartina.cz\/index.php\/wp-json\/wp\/v2\/pages\/2\/revisions"}],"predecessor-version":[{"id":628,"href":"https:\/\/www.andelskamartina.cz\/index.php\/wp-json\/wp\/v2\/pages\/2\/revisions\/628"}],"wp:attachment":[{"href":"https:\/\/www.andelskamartina.cz\/index.php\/wp-json\/wp\/v2\/media?parent=2"}],"curies":[{"name":"wp","href":"https:\/\/api.w.org\/{rel}","templated":true}]}}